{"id":95,"date":"2020-09-18T19:30:56","date_gmt":"2020-09-18T19:30:56","guid":{"rendered":"http:\/\/le-mas-despres.local\/?page_id=95"},"modified":"2024-06-16T11:42:33","modified_gmt":"2024-06-16T11:42:33","slug":"qui-sommes-nous","status":"publish","type":"page","link":"https:\/\/mas-despres.org\/it\/qui-sommes-nous\/","title":{"rendered":"Nous contacter:"},"content":{"rendered":"<h2>\u00a0<\/h2>\n<p>Association Mas Despr\u00e9s en Catalogne<\/p>\n<p>lieu-dit Mas Despr\u00e9s<br \/>66200 Latour-Bas-Elne, <br \/>France.<\/p>\n<p><iframe title=\"%3$s\" src=\"https:\/\/maps.google.com\/maps?q=mas%20despres%20latour&#038;t=m&#038;z=15&#038;output=embed&#038;iwloc=near\" frameborder=\"0\" marginwidth=\"0\" marginheight=\"0\" scrolling=\"no\" aria-label=\"%3$s\"><\/iframe><\/p>\n<h2>+33 984 384 474<\/h2>\n<p>de pr\u00e9f\u00e9rence apr\u00e8s 20h.<\/p>\n<h2>assomasdespres@gmail.com<\/h2>\n\n\n<figure class=\"wp-block-image size-full\"><img loading=\"lazy\" decoding=\"async\" width=\"1024\" height=\"768\" src=\"https:\/\/mas-despres.org\/wp-content\/uploads\/2024\/06\/P1030194-Moyen.jpeg\" alt=\"\" class=\"wp-image-372\" srcset=\"https:\/\/mas-despres.org\/wp-content\/uploads\/2024\/06\/P1030194-Moyen.jpeg 1024w, https:\/\/mas-despres.org\/wp-content\/uploads\/2024\/06\/P1030194-Moyen-300x225.jpeg 300w, https:\/\/mas-despres.org\/wp-content\/uploads\/2024\/06\/P1030194-Moyen-768x576.jpeg 768w, https:\/\/mas-despres.org\/wp-content\/uploads\/2024\/06\/P1030194-Moyen-892x669.jpeg 892w\" sizes=\"auto, (max-width: 1024px) 100vw, 1024px\" \/><\/figure>\n","protected":false},"excerpt":{"rendered":"<p>\u00a0 Association Mas Despr\u00e9s en Catalogne lieu-dit Mas Despr\u00e9s66200 Latour-Bas-Elne, France. +33 984 384 474 de pr\u00e9f\u00e9rence apr\u00e8s 20h. assomasdespres@gmail.com<\/p>\n","protected":false},"author":1,"featured_media":0,"parent":0,"menu_order":0,"comment_status":"closed","ping_status":"closed","template":"template-wide-page.php","meta":{"footnotes":""},"class_list":["post-95","page","type-page","status-publish","hentry"],"_links":{"self":[{"href":"https:\/\/mas-despres.org\/it\/wp-json\/wp\/v2\/pages\/95","targetHints":{"allow":["GET"]}}],"collection":[{"href":"https:\/\/mas-despres.org\/it\/wp-json\/wp\/v2\/pages"}],"about":[{"href":"https:\/\/mas-despres.org\/it\/wp-json\/wp\/v2\/types\/page"}],"author":[{"embeddable":true,"href":"https:\/\/mas-despres.org\/it\/wp-json\/wp\/v2\/users\/1"}],"replies":[{"embeddable":true,"href":"https:\/\/mas-despres.org\/it\/wp-json\/wp\/v2\/comments?post=95"}],"version-history":[{"count":9,"href":"https:\/\/mas-despres.org\/it\/wp-json\/wp\/v2\/pages\/95\/revisions"}],"predecessor-version":[{"id":477,"href":"https:\/\/mas-despres.org\/it\/wp-json\/wp\/v2\/pages\/95\/revisions\/477"}],"wp:attachment":[{"href":"https:\/\/mas-despres.org\/it\/wp-json\/wp\/v2\/media?parent=95"}],"curies":[{"name":"wp","href":"https:\/\/api.w.org\/{rel}","templated":true}]}}