{"id":13,"date":"2020-09-18T16:47:41","date_gmt":"2020-09-18T16:47:41","guid":{"rendered":"http:\/\/le-mas-despres.local\/?page_id=10"},"modified":"2024-06-19T18:53:41","modified_gmt":"2024-06-19T18:53:41","slug":"accueil","status":"publish","type":"page","link":"https:\/\/mas-despres.org\/es\/","title":{"rendered":"Bienvenue au Mas Despr\u00e9s"},"content":{"rendered":"\n<p><\/p>\n\n\n<p>Dans la plaine du Roussillon,\u00a0<br \/>\u00e0 la fronti\u00e8re avec l&#8217;Espagne,<br \/>entre mer et montagne&#8230;<br \/>un environnement authentique,<br \/>ciel bleu et soleil presque toute l&#8217;ann\u00e9e!<\/p>\n<p>Pour vous accueillir, <br \/>le charme des vieilles pierres et des arbres centenaires <br \/>\u00e0 seulement 3 km de la Costa Vermella<br \/>o\u00f9 se succ\u00e8dent plages de sable et de galets.<\/p>\n<p>A 15 km, les Pyr\u00e9n\u00e9es et ses chemins de randonn\u00e9es <br \/>offrant un panorama inoubliable,<br \/>et \u00e0 10 km, la prestigieuse ville de Perpignan.<\/p>\n<p>H\u00e9bergements propos\u00e9s en dortoir ou en tente<br \/>et selon disponibilit\u00e9s en chambre double.<\/p>\n<p>Mise \u00e0 disposition de v\u00e9los <br \/>pour aller \u00e0 la plage ou au village.<\/p>\n<figure><\/figure>\n<figure><\/figure>\n<figure><\/figure>\n<figure><\/figure>\n\n\n<figure class=\"wp-block-image size-large is-resized\"><img loading=\"lazy\" decoding=\"async\" width=\"1024\" height=\"683\" src=\"https:\/\/mas-despres.org\/wp-content\/uploads\/2024\/06\/IMG_9194-Medium-1024x683.jpeg\" alt=\"\" class=\"wp-image-308\" style=\"width:768px;height:auto\" srcset=\"https:\/\/mas-despres.org\/wp-content\/uploads\/2024\/06\/IMG_9194-Medium-1024x683.jpeg 1024w, https:\/\/mas-despres.org\/wp-content\/uploads\/2024\/06\/IMG_9194-Medium-300x200.jpeg 300w, https:\/\/mas-despres.org\/wp-content\/uploads\/2024\/06\/IMG_9194-Medium-768x512.jpeg 768w, https:\/\/mas-despres.org\/wp-content\/uploads\/2024\/06\/IMG_9194-Medium-892x594.jpeg 892w, https:\/\/mas-despres.org\/wp-content\/uploads\/2024\/06\/IMG_9194-Medium-150x100.jpeg 150w, https:\/\/mas-despres.org\/wp-content\/uploads\/2024\/06\/IMG_9194-Medium.jpeg 1152w\" sizes=\"auto, (max-width: 1024px) 100vw, 1024px\" \/><\/figure>\n\n\n\n<figure class=\"wp-block-image size-large is-resized\"><img loading=\"lazy\" decoding=\"async\" width=\"1024\" height=\"768\" src=\"https:\/\/mas-despres.org\/wp-content\/uploads\/2024\/06\/WhatsApp-Image-2024-06-11-at-08.54.20-1024x768.jpeg\" alt=\"\" class=\"wp-image-383\" style=\"width:768px;height:auto\" srcset=\"https:\/\/mas-despres.org\/wp-content\/uploads\/2024\/06\/WhatsApp-Image-2024-06-11-at-08.54.20-1024x768.jpeg 1024w, https:\/\/mas-despres.org\/wp-content\/uploads\/2024\/06\/WhatsApp-Image-2024-06-11-at-08.54.20-300x225.jpeg 300w, https:\/\/mas-despres.org\/wp-content\/uploads\/2024\/06\/WhatsApp-Image-2024-06-11-at-08.54.20-768x576.jpeg 768w, https:\/\/mas-despres.org\/wp-content\/uploads\/2024\/06\/WhatsApp-Image-2024-06-11-at-08.54.20-1536x1152.jpeg 1536w, https:\/\/mas-despres.org\/wp-content\/uploads\/2024\/06\/WhatsApp-Image-2024-06-11-at-08.54.20-892x669.jpeg 892w, https:\/\/mas-despres.org\/wp-content\/uploads\/2024\/06\/WhatsApp-Image-2024-06-11-at-08.54.20.jpeg 2048w\" sizes=\"auto, (max-width: 1024px) 100vw, 1024px\" \/><\/figure>\n\n\n\n<figure class=\"wp-block-image size-large is-resized\"><img loading=\"lazy\" decoding=\"async\" width=\"1024\" height=\"576\" src=\"https:\/\/mas-despres.org\/wp-content\/uploads\/2024\/06\/WhatsApp-Image-2024-06-09-at-20.14.21-2-1024x576.jpeg\" alt=\"\" class=\"wp-image-295\" style=\"width:765px;height:auto\" srcset=\"https:\/\/mas-despres.org\/wp-content\/uploads\/2024\/06\/WhatsApp-Image-2024-06-09-at-20.14.21-2-1024x576.jpeg 1024w, https:\/\/mas-despres.org\/wp-content\/uploads\/2024\/06\/WhatsApp-Image-2024-06-09-at-20.14.21-2-300x169.jpeg 300w, https:\/\/mas-despres.org\/wp-content\/uploads\/2024\/06\/WhatsApp-Image-2024-06-09-at-20.14.21-2-768x432.jpeg 768w, https:\/\/mas-despres.org\/wp-content\/uploads\/2024\/06\/WhatsApp-Image-2024-06-09-at-20.14.21-2-1536x864.jpeg 1536w, https:\/\/mas-despres.org\/wp-content\/uploads\/2024\/06\/WhatsApp-Image-2024-06-09-at-20.14.21-2-892x502.jpeg 892w, https:\/\/mas-despres.org\/wp-content\/uploads\/2024\/06\/WhatsApp-Image-2024-06-09-at-20.14.21-2.jpeg 1600w\" sizes=\"auto, (max-width: 1024px) 100vw, 1024px\" \/><\/figure>\n\n\n\n<figure class=\"wp-block-gallery has-nested-images columns-default is-cropped wp-block-gallery-1 is-layout-flex wp-block-gallery-is-layout-flex\"><div class=\"wp-block-image\">\n<figure class=\"aligncenter size-full\"><img loading=\"lazy\" decoding=\"async\" width=\"2560\" height=\"1920\" data-id=\"487\" src=\"https:\/\/mas-despres.org\/wp-content\/uploads\/2024\/06\/DSCF0024-2-scaled.jpg\" alt=\"\" class=\"wp-image-487\" srcset=\"https:\/\/mas-despres.org\/wp-content\/uploads\/2024\/06\/DSCF0024-2-scaled.jpg 2560w, https:\/\/mas-despres.org\/wp-content\/uploads\/2024\/06\/DSCF0024-2-300x225.jpg 300w, https:\/\/mas-despres.org\/wp-content\/uploads\/2024\/06\/DSCF0024-2-1024x768.jpg 1024w, https:\/\/mas-despres.org\/wp-content\/uploads\/2024\/06\/DSCF0024-2-768x576.jpg 768w, https:\/\/mas-despres.org\/wp-content\/uploads\/2024\/06\/DSCF0024-2-1536x1152.jpg 1536w, https:\/\/mas-despres.org\/wp-content\/uploads\/2024\/06\/DSCF0024-2-2048x1536.jpg 2048w, https:\/\/mas-despres.org\/wp-content\/uploads\/2024\/06\/DSCF0024-2-892x669.jpg 892w\" sizes=\"auto, (max-width: 2560px) 100vw, 2560px\" \/><\/figure>\n<\/div><\/figure>\n\n\n\n<figure class=\"wp-block-gallery has-nested-images columns-default is-cropped wp-block-gallery-2 is-layout-flex wp-block-gallery-is-layout-flex\">\n<figure class=\"wp-block-image size-large\"><img loading=\"lazy\" decoding=\"async\" width=\"1024\" height=\"768\" data-id=\"488\" src=\"https:\/\/mas-despres.org\/wp-content\/uploads\/2024\/06\/DSCF7023-1024x768.jpg\" alt=\"\" class=\"wp-image-488\" srcset=\"https:\/\/mas-despres.org\/wp-content\/uploads\/2024\/06\/DSCF7023-1024x768.jpg 1024w, https:\/\/mas-despres.org\/wp-content\/uploads\/2024\/06\/DSCF7023-300x225.jpg 300w, https:\/\/mas-despres.org\/wp-content\/uploads\/2024\/06\/DSCF7023-768x576.jpg 768w, https:\/\/mas-despres.org\/wp-content\/uploads\/2024\/06\/DSCF7023-1536x1152.jpg 1536w, https:\/\/mas-despres.org\/wp-content\/uploads\/2024\/06\/DSCF7023-892x669.jpg 892w, https:\/\/mas-despres.org\/wp-content\/uploads\/2024\/06\/DSCF7023.jpg 2048w\" sizes=\"auto, (max-width: 1024px) 100vw, 1024px\" \/><\/figure>\n<\/figure>\n\n\n\n<figure class=\"wp-block-gallery has-nested-images columns-default is-cropped wp-block-gallery-3 is-layout-flex wp-block-gallery-is-layout-flex\">\n<figure class=\"wp-block-image size-large\"><img loading=\"lazy\" decoding=\"async\" width=\"768\" height=\"1024\" data-id=\"490\" src=\"https:\/\/mas-despres.org\/wp-content\/uploads\/2024\/06\/DSCF7027-768x1024.jpg\" alt=\"\" class=\"wp-image-490\" srcset=\"https:\/\/mas-despres.org\/wp-content\/uploads\/2024\/06\/DSCF7027-768x1024.jpg 768w, https:\/\/mas-despres.org\/wp-content\/uploads\/2024\/06\/DSCF7027-225x300.jpg 225w, https:\/\/mas-despres.org\/wp-content\/uploads\/2024\/06\/DSCF7027-1152x1536.jpg 1152w, https:\/\/mas-despres.org\/wp-content\/uploads\/2024\/06\/DSCF7027-892x1189.jpg 892w, https:\/\/mas-despres.org\/wp-content\/uploads\/2024\/06\/DSCF7027.jpg 1536w\" sizes=\"auto, (max-width: 768px) 100vw, 768px\" \/><\/figure>\n<\/figure>\n\n\n\n<figure class=\"wp-block-gallery has-nested-images columns-default is-cropped wp-block-gallery-4 is-layout-flex wp-block-gallery-is-layout-flex\">\n<figure class=\"wp-block-image size-large\"><img loading=\"lazy\" decoding=\"async\" width=\"1024\" height=\"768\" data-id=\"492\" src=\"https:\/\/mas-despres.org\/wp-content\/uploads\/2024\/06\/DSC02784-1024x768.jpg\" alt=\"\" class=\"wp-image-492\" srcset=\"https:\/\/mas-despres.org\/wp-content\/uploads\/2024\/06\/DSC02784-1024x768.jpg 1024w, https:\/\/mas-despres.org\/wp-content\/uploads\/2024\/06\/DSC02784-300x225.jpg 300w, https:\/\/mas-despres.org\/wp-content\/uploads\/2024\/06\/DSC02784-768x576.jpg 768w, https:\/\/mas-despres.org\/wp-content\/uploads\/2024\/06\/DSC02784-1536x1152.jpg 1536w, https:\/\/mas-despres.org\/wp-content\/uploads\/2024\/06\/DSC02784-2048x1536.jpg 2048w, https:\/\/mas-despres.org\/wp-content\/uploads\/2024\/06\/DSC02784-892x669.jpg 892w\" sizes=\"auto, (max-width: 1024px) 100vw, 1024px\" \/><\/figure>\n<\/figure>\n","protected":false},"excerpt":{"rendered":"<p>Dans la plaine du Roussillon,\u00a0\u00e0 la fronti\u00e8re avec l&#8217;Espagne,entre mer et montagne&#8230;un environnement authentique,ciel bleu et soleil presque toute l&#8217;ann\u00e9e! Pour vous accueillir, le charme des vieilles pierres et des arbres centenaires \u00e0 seulement 3 km de la Costa Vermellao\u00f9 se succ\u00e8dent plages de sable et de galets. A 15 km, les Pyr\u00e9n\u00e9es et ses [&hellip;]<\/p>\n","protected":false},"author":1,"featured_media":162,"parent":0,"menu_order":0,"comment_status":"closed","ping_status":"closed","template":"template-front-page.php","meta":{"footnotes":""},"class_list":["post-13","page","type-page","status-publish","has-post-thumbnail","hentry"],"_links":{"self":[{"href":"https:\/\/mas-despres.org\/es\/wp-json\/wp\/v2\/pages\/13","targetHints":{"allow":["GET"]}}],"collection":[{"href":"https:\/\/mas-despres.org\/es\/wp-json\/wp\/v2\/pages"}],"about":[{"href":"https:\/\/mas-despres.org\/es\/wp-json\/wp\/v2\/types\/page"}],"author":[{"embeddable":true,"href":"https:\/\/mas-despres.org\/es\/wp-json\/wp\/v2\/users\/1"}],"replies":[{"embeddable":true,"href":"https:\/\/mas-despres.org\/es\/wp-json\/wp\/v2\/comments?post=13"}],"version-history":[{"count":30,"href":"https:\/\/mas-despres.org\/es\/wp-json\/wp\/v2\/pages\/13\/revisions"}],"predecessor-version":[{"id":499,"href":"https:\/\/mas-despres.org\/es\/wp-json\/wp\/v2\/pages\/13\/revisions\/499"}],"wp:featuredmedia":[{"embeddable":true,"href":"https:\/\/mas-despres.org\/es\/wp-json\/wp\/v2\/media\/162"}],"wp:attachment":[{"href":"https:\/\/mas-despres.org\/es\/wp-json\/wp\/v2\/media?parent=13"}],"curies":[{"name":"wp","href":"https:\/\/api.w.org\/{rel}","templated":true}]}}