{"id":2,"date":"2020-09-21T11:21:51","date_gmt":"2020-09-21T11:21:51","guid":{"rendered":"https:\/\/mas-despres.org\/?page_id=2"},"modified":"2024-06-16T11:47:46","modified_gmt":"2024-06-16T11:47:46","slug":"a-propos-de-nous","status":"publish","type":"page","link":"https:\/\/mas-despres.org\/en\/a-propos-de-nous\/","title":{"rendered":"L&#8217;\u00e9quipe du mas Despr\u00e9s"},"content":{"rendered":"\n<p><\/p>\n\n\n\n<p>Association Mas Despr\u00e9s en Catalogne<br>N\u00b0 Siret: 80504394000016<\/p>\n\n\n\n<p>lieu-dit Mas Despr\u00e9s, <br>66200 Latour-Bas-Elne, <br>France.<\/p>\n\n\n\n<p><\/p>\n\n\n\n<p>L&#8217;association du Mas Despr\u00e9s contribue<br>\u00e0 plus d&#8217;harmonie avec soi, les autres <br>et l&#8217;environnement.<\/p>\n\n\n\n<p>Le mas est un lieu d\u00e9di\u00e9 \u00e0 l&#8217;alimentation vivante<br>o\u00f9 nous pratiquons la permaculture<br>ainsi qu&#8217;un mode de vie p\u00e9renne en collectif.<\/p>\n\n\n\n<p>Tout au long de l&#8217;ann\u00e9e nous proposons des s\u00e9jours<br>ainsi que des stages concernant une alimentation naturelle.<\/p>\n\n\n\n<figure class=\"wp-block-image size-large\"><img loading=\"lazy\" decoding=\"async\" width=\"1024\" height=\"768\" src=\"https:\/\/mas-despres.org\/wp-content\/uploads\/2024\/06\/WhatsApp-Image-2024-06-09-at-20.14.13-3-1024x768.jpeg\" alt=\"\" class=\"wp-image-262\" srcset=\"https:\/\/mas-despres.org\/wp-content\/uploads\/2024\/06\/WhatsApp-Image-2024-06-09-at-20.14.13-3-1024x768.jpeg 1024w, https:\/\/mas-despres.org\/wp-content\/uploads\/2024\/06\/WhatsApp-Image-2024-06-09-at-20.14.13-3-300x225.jpeg 300w, https:\/\/mas-despres.org\/wp-content\/uploads\/2024\/06\/WhatsApp-Image-2024-06-09-at-20.14.13-3-768x576.jpeg 768w, https:\/\/mas-despres.org\/wp-content\/uploads\/2024\/06\/WhatsApp-Image-2024-06-09-at-20.14.13-3-1536x1153.jpeg 1536w, https:\/\/mas-despres.org\/wp-content\/uploads\/2024\/06\/WhatsApp-Image-2024-06-09-at-20.14.13-3-892x669.jpeg 892w, https:\/\/mas-despres.org\/wp-content\/uploads\/2024\/06\/WhatsApp-Image-2024-06-09-at-20.14.13-3.jpeg 1599w\" sizes=\"auto, (max-width: 1024px) 100vw, 1024px\" \/><\/figure>\n\n\n\n<figure class=\"wp-block-image size-full is-resized is-style-default\"><img loading=\"lazy\" decoding=\"async\" width=\"1025\" height=\"768\" src=\"https:\/\/mas-despres.org\/wp-content\/uploads\/2024\/06\/DSC05256-Medium.jpg\" alt=\"\" class=\"wp-image-411\" style=\"width:893px;height:auto\" srcset=\"https:\/\/mas-despres.org\/wp-content\/uploads\/2024\/06\/DSC05256-Medium.jpg 1025w, https:\/\/mas-despres.org\/wp-content\/uploads\/2024\/06\/DSC05256-Medium-300x225.jpg 300w, https:\/\/mas-despres.org\/wp-content\/uploads\/2024\/06\/DSC05256-Medium-768x575.jpg 768w, https:\/\/mas-despres.org\/wp-content\/uploads\/2024\/06\/DSC05256-Medium-892x668.jpg 892w\" sizes=\"auto, (max-width: 1025px) 100vw, 1025px\" \/><\/figure>\n\n\n\n<figure class=\"wp-block-image size-large\"><img loading=\"lazy\" decoding=\"async\" width=\"1024\" height=\"708\" src=\"https:\/\/mas-despres.org\/wp-content\/uploads\/2024\/06\/DSC03401-1024x708.jpg\" alt=\"\" class=\"wp-image-412\" srcset=\"https:\/\/mas-despres.org\/wp-content\/uploads\/2024\/06\/DSC03401-1024x708.jpg 1024w, https:\/\/mas-despres.org\/wp-content\/uploads\/2024\/06\/DSC03401-300x207.jpg 300w, https:\/\/mas-despres.org\/wp-content\/uploads\/2024\/06\/DSC03401-768x531.jpg 768w, https:\/\/mas-despres.org\/wp-content\/uploads\/2024\/06\/DSC03401-1536x1062.jpg 1536w, https:\/\/mas-despres.org\/wp-content\/uploads\/2024\/06\/DSC03401-892x617.jpg 892w, https:\/\/mas-despres.org\/wp-content\/uploads\/2024\/06\/DSC03401.jpg 2045w\" sizes=\"auto, (max-width: 1024px) 100vw, 1024px\" \/><\/figure>\n\n\n\n<figure class=\"wp-block-image size-full is-resized\"><img loading=\"lazy\" decoding=\"async\" width=\"1024\" height=\"683\" src=\"https:\/\/mas-despres.org\/wp-content\/uploads\/2024\/06\/IMG_9348-1024x683-1.jpg\" alt=\"\" class=\"wp-image-414\" style=\"width:891px;height:auto\" srcset=\"https:\/\/mas-despres.org\/wp-content\/uploads\/2024\/06\/IMG_9348-1024x683-1.jpg 1024w, https:\/\/mas-despres.org\/wp-content\/uploads\/2024\/06\/IMG_9348-1024x683-1-300x200.jpg 300w, https:\/\/mas-despres.org\/wp-content\/uploads\/2024\/06\/IMG_9348-1024x683-1-768x512.jpg 768w, https:\/\/mas-despres.org\/wp-content\/uploads\/2024\/06\/IMG_9348-1024x683-1-892x594.jpg 892w, https:\/\/mas-despres.org\/wp-content\/uploads\/2024\/06\/IMG_9348-1024x683-1-150x100.jpg 150w\" sizes=\"auto, (max-width: 1024px) 100vw, 1024px\" \/><\/figure>\n\n\n\n<figure class=\"wp-block-image size-large\"><img loading=\"lazy\" decoding=\"async\" width=\"1024\" height=\"576\" src=\"https:\/\/mas-despres.org\/wp-content\/uploads\/2024\/06\/WhatsApp-Image-2024-06-10-at-09.32.46-1024x576.jpeg\" alt=\"\" class=\"wp-image-301\" srcset=\"https:\/\/mas-despres.org\/wp-content\/uploads\/2024\/06\/WhatsApp-Image-2024-06-10-at-09.32.46-1024x576.jpeg 1024w, https:\/\/mas-despres.org\/wp-content\/uploads\/2024\/06\/WhatsApp-Image-2024-06-10-at-09.32.46-300x169.jpeg 300w, https:\/\/mas-despres.org\/wp-content\/uploads\/2024\/06\/WhatsApp-Image-2024-06-10-at-09.32.46-768x432.jpeg 768w, https:\/\/mas-despres.org\/wp-content\/uploads\/2024\/06\/WhatsApp-Image-2024-06-10-at-09.32.46-1536x864.jpeg 1536w, https:\/\/mas-despres.org\/wp-content\/uploads\/2024\/06\/WhatsApp-Image-2024-06-10-at-09.32.46-892x502.jpeg 892w, https:\/\/mas-despres.org\/wp-content\/uploads\/2024\/06\/WhatsApp-Image-2024-06-10-at-09.32.46.jpeg 1599w\" sizes=\"auto, (max-width: 1024px) 100vw, 1024px\" \/><\/figure>\n","protected":false},"excerpt":{"rendered":"<p>Association Mas Despr\u00e9s en CatalogneN\u00b0 Siret: 80504394000016 lieu-dit Mas Despr\u00e9s, 66200 Latour-Bas-Elne, France. L&#8217;association du Mas Despr\u00e9s contribue\u00e0 plus d&#8217;harmonie avec soi, les autres et l&#8217;environnement. Le mas est un lieu d\u00e9di\u00e9 \u00e0 l&#8217;alimentation vivanteo\u00f9 nous pratiquons la permacultureainsi qu&#8217;un mode de vie p\u00e9renne en collectif. Tout au long de l&#8217;ann\u00e9e nous proposons des s\u00e9joursainsi [&hellip;]<\/p>\n","protected":false},"author":1,"featured_media":0,"parent":0,"menu_order":0,"comment_status":"closed","ping_status":"closed","template":"","meta":{"footnotes":""},"class_list":["post-2","page","type-page","status-publish","hentry"],"_links":{"self":[{"href":"https:\/\/mas-despres.org\/en\/wp-json\/wp\/v2\/pages\/2","targetHints":{"allow":["GET"]}}],"collection":[{"href":"https:\/\/mas-despres.org\/en\/wp-json\/wp\/v2\/pages"}],"about":[{"href":"https:\/\/mas-despres.org\/en\/wp-json\/wp\/v2\/types\/page"}],"author":[{"embeddable":true,"href":"https:\/\/mas-despres.org\/en\/wp-json\/wp\/v2\/users\/1"}],"replies":[{"embeddable":true,"href":"https:\/\/mas-despres.org\/en\/wp-json\/wp\/v2\/comments?post=2"}],"version-history":[{"count":15,"href":"https:\/\/mas-despres.org\/en\/wp-json\/wp\/v2\/pages\/2\/revisions"}],"predecessor-version":[{"id":482,"href":"https:\/\/mas-despres.org\/en\/wp-json\/wp\/v2\/pages\/2\/revisions\/482"}],"wp:attachment":[{"href":"https:\/\/mas-despres.org\/en\/wp-json\/wp\/v2\/media?parent=2"}],"curies":[{"name":"wp","href":"https:\/\/api.w.org\/{rel}","templated":true}]}}