{"id":13,"date":"2020-09-18T16:47:41","date_gmt":"2020-09-18T16:47:41","guid":{"rendered":"http:\/\/le-mas-despres.local\/?page_id=10"},"modified":"2024-06-19T18:53:41","modified_gmt":"2024-06-19T18:53:41","slug":"accueil","status":"publish","type":"page","link":"https:\/\/mas-despres.org\/en\/","title":{"rendered":"Bienvenue au Mas Despr\u00e9s"},"content":{"rendered":"<p>dans la plaine du Roussillon<\/p>\n<p>entre mer et montagne&#8230;<\/p>\n<p>un environnement authentique,<\/p>\n<p>ciel bleu et soleil presque toute l&#8217;ann\u00e9e.<\/p>\n<p>Pour vous accueillir, le charme des vieilles pierres<\/p>\n<p>et des arbres centenaires \u00e0 seulement 3 km de la Costa Vermella<\/p>\n<p>o\u00f9 se succ\u00e8dent plages de sable ou de galets.<\/p>\n<p>A 15 km, les Pyr\u00e9n\u00e9es et ses chemins de randonn\u00e9es qui offrent un panorama inoubliable,<\/p>\n<p>et \u00e0 10 km, la prestigieuse ville de Perpignan.<\/p>\n<p>H\u00e9bergements propos\u00e9s en dortoir ou en tente<\/p>\n<p>et selon disponibilit\u00e9s en chambre double.<\/p>\n<p>Mise \u00e0 disposition de v\u00e9los pour aller \u00e0 la plage ou au village.<\/p>\n<p>\u00a0<\/p>\n<p>\u00a0<\/p>\n<figure><img decoding=\"async\" src=\"https:\/\/mas-despres.org\/wp-content\/uploads\/2020\/09\/IMG_9618-Medium-768x512.jpg\" alt=\"piscine\" \/><\/figure>\n<figure><img decoding=\"async\" src=\"https:\/\/mas-despres.org\/wp-content\/uploads\/2020\/09\/IMG_1970-Medium-768x576.jpg\" alt=\"mer\" \/><\/figure>\n<figure><img decoding=\"async\" src=\"https:\/\/mas-despres.org\/wp-content\/uploads\/2020\/09\/DSC08286-Medium-768x576.jpg\" alt=\"pommier\" \/><\/figure>\n<figure><img decoding=\"async\" src=\"https:\/\/mas-despres.org\/wp-content\/uploads\/2020\/09\/DSC07417-1024x768-1-768x576.jpg\" alt=\"mas-despres-arriere\" \/><\/figure>\n\n\n<figure class=\"wp-block-image size-large is-resized\"><img loading=\"lazy\" decoding=\"async\" width=\"1024\" height=\"773\" src=\"https:\/\/mas-despres.org\/wp-content\/uploads\/2024\/06\/Screenshot-2024-05-27-at-4.17.15\u202fPM-1024x773.png\" alt=\"\" class=\"wp-image-342\" style=\"width:771px;height:auto\" srcset=\"https:\/\/mas-despres.org\/wp-content\/uploads\/2024\/06\/Screenshot-2024-05-27-at-4.17.15\u202fPM-1024x773.png 1024w, https:\/\/mas-despres.org\/wp-content\/uploads\/2024\/06\/Screenshot-2024-05-27-at-4.17.15\u202fPM-300x226.png 300w, https:\/\/mas-despres.org\/wp-content\/uploads\/2024\/06\/Screenshot-2024-05-27-at-4.17.15\u202fPM-768x580.png 768w, https:\/\/mas-despres.org\/wp-content\/uploads\/2024\/06\/Screenshot-2024-05-27-at-4.17.15\u202fPM-1536x1160.png 1536w, https:\/\/mas-despres.org\/wp-content\/uploads\/2024\/06\/Screenshot-2024-05-27-at-4.17.15\u202fPM-892x673.png 892w, https:\/\/mas-despres.org\/wp-content\/uploads\/2024\/06\/Screenshot-2024-05-27-at-4.17.15\u202fPM.png 1722w\" sizes=\"auto, (max-width: 1024px) 100vw, 1024px\" \/><\/figure>\n","protected":false},"excerpt":{"rendered":"<p>dans la plaine du Roussillon entre mer et montagne&#8230; un environnement authentique, ciel bleu et soleil presque toute l&#8217;ann\u00e9e. Pour vous accueillir, le charme des vieilles pierres et des arbres centenaires \u00e0 seulement 3 km de la Costa Vermella o\u00f9 se succ\u00e8dent plages de sable ou de galets. A 15 km, les Pyr\u00e9n\u00e9es et ses [&hellip;]<\/p>\n","protected":false},"author":1,"featured_media":162,"parent":0,"menu_order":0,"comment_status":"closed","ping_status":"closed","template":"template-front-page.php","meta":{"footnotes":""},"class_list":["post-13","page","type-page","status-publish","has-post-thumbnail","hentry"],"_links":{"self":[{"href":"https:\/\/mas-despres.org\/en\/wp-json\/wp\/v2\/pages\/13","targetHints":{"allow":["GET"]}}],"collection":[{"href":"https:\/\/mas-despres.org\/en\/wp-json\/wp\/v2\/pages"}],"about":[{"href":"https:\/\/mas-despres.org\/en\/wp-json\/wp\/v2\/types\/page"}],"author":[{"embeddable":true,"href":"https:\/\/mas-despres.org\/en\/wp-json\/wp\/v2\/users\/1"}],"replies":[{"embeddable":true,"href":"https:\/\/mas-despres.org\/en\/wp-json\/wp\/v2\/comments?post=13"}],"version-history":[{"count":30,"href":"https:\/\/mas-despres.org\/en\/wp-json\/wp\/v2\/pages\/13\/revisions"}],"predecessor-version":[{"id":499,"href":"https:\/\/mas-despres.org\/en\/wp-json\/wp\/v2\/pages\/13\/revisions\/499"}],"wp:featuredmedia":[{"embeddable":true,"href":"https:\/\/mas-despres.org\/en\/wp-json\/wp\/v2\/media\/162"}],"wp:attachment":[{"href":"https:\/\/mas-despres.org\/en\/wp-json\/wp\/v2\/media?parent=13"}],"curies":[{"name":"wp","href":"https:\/\/api.w.org\/{rel}","templated":true}]}}