{"id":24,"date":"2020-09-18T17:31:53","date_gmt":"2020-09-18T17:31:53","guid":{"rendered":"http:\/\/le-mas-despres.local\/?page_id=24"},"modified":"2024-06-19T19:16:07","modified_gmt":"2024-06-19T19:16:07","slug":"sejour-au-mas","status":"publish","type":"page","link":"https:\/\/mas-despres.org\/de\/sejour-au-mas\/","title":{"rendered":"S\u00e9jour au Mas Despr\u00e9s"},"content":{"rendered":"<p>un h\u00e9bergement confortable<br \/>dans un \u00e9crin de verdure<br \/>pour vous ressourcer en toute s\u00e9r\u00e9nit\u00e9.<\/p>\n<h2>Tarifs<\/h2>\n<p><img loading=\"lazy\" decoding=\"async\" src=\"https:\/\/mas-despres.org\/wp-content\/uploads\/2020\/09\/Capture-de\u0301cran-2020-09-18-a\u0300-21.45.52.png\" sizes=\"auto, (max-width: 2240px) 100vw, 2240px\" srcset=\"https:\/\/mas-despres.org\/wp-content\/uploads\/2020\/09\/Capture-de\u0301cran-2020-09-18-a\u0300-21.45.52.png 2240w, https:\/\/mas-despres.org\/wp-content\/uploads\/2020\/09\/Capture-de\u0301cran-2020-09-18-a\u0300-21.45.52-300x71.png 300w, https:\/\/mas-despres.org\/wp-content\/uploads\/2020\/09\/Capture-de\u0301cran-2020-09-18-a\u0300-21.45.52-1024x242.png 1024w, https:\/\/mas-despres.org\/wp-content\/uploads\/2020\/09\/Capture-de\u0301cran-2020-09-18-a\u0300-21.45.52-768x182.png 768w, https:\/\/mas-despres.org\/wp-content\/uploads\/2020\/09\/Capture-de\u0301cran-2020-09-18-a\u0300-21.45.52-1536x363.png 1536w, https:\/\/mas-despres.org\/wp-content\/uploads\/2020\/09\/Capture-de\u0301cran-2020-09-18-a\u0300-21.45.52-2048x485.png 2048w, https:\/\/mas-despres.org\/wp-content\/uploads\/2020\/09\/Capture-de\u0301cran-2020-09-18-a\u0300-21.45.52-892x211.png 892w\" alt=\"\" width=\"2240\" height=\"530\" \/><\/p>\n<p>En vous remerciant par avance, <br \/>nous demandons d\u2019apporter <br \/>drap-housse, drap et taie d\u2019oreiller,<br \/><span style=\"font-size: revert;\">sur place nous vous fournissons <br \/>oreillers et couvertures.<\/span><\/p>\n<p><i><i>Durant votre s\u00e9jour vous pourrez profiter <br \/>de notre agr\u00e9able piscine <br \/>ainsi que de l&#8217;espace &#8222;sport&#8220;.<\/i><\/i><\/p>\n<p><i>Pour vos d\u00e9placements <br \/>des v\u00e9los sont mis \u00e0 votre disposition <br \/>sans frais suppl\u00e9mentaires.<\/i><\/p>\n<p><a role=\"button\" href=\"https:\/\/mas-despres.org\/qui-sommes-nous\/\"><br \/>R\u00e9server<br \/><\/a><\/p>\n\n\n<figure class=\"wp-block-gallery has-nested-images columns-default is-cropped wp-block-gallery-1 is-layout-flex wp-block-gallery-is-layout-flex\"><\/figure>\n\n\n\n<figure class=\"wp-block-gallery has-nested-images columns-default is-cropped wp-block-gallery-2 is-layout-flex wp-block-gallery-is-layout-flex\">\n<figure class=\"wp-block-image size-large\"><img loading=\"lazy\" decoding=\"async\" width=\"1024\" height=\"768\" data-id=\"439\" src=\"https:\/\/mas-despres.org\/wp-content\/uploads\/2024\/06\/DSC05158-Medium.jpg\" alt=\"\" class=\"wp-image-439\" srcset=\"https:\/\/mas-despres.org\/wp-content\/uploads\/2024\/06\/DSC05158-Medium.jpg 1024w, https:\/\/mas-despres.org\/wp-content\/uploads\/2024\/06\/DSC05158-Medium-300x225.jpg 300w, https:\/\/mas-despres.org\/wp-content\/uploads\/2024\/06\/DSC05158-Medium-768x576.jpg 768w, https:\/\/mas-despres.org\/wp-content\/uploads\/2024\/06\/DSC05158-Medium-892x669.jpg 892w\" sizes=\"auto, (max-width: 1024px) 100vw, 1024px\" \/><\/figure>\n<\/figure>\n\n\n\n<figure class=\"wp-block-gallery has-nested-images columns-default is-cropped wp-block-gallery-3 is-layout-flex wp-block-gallery-is-layout-flex\">\n<figure class=\"wp-block-image size-large\"><img loading=\"lazy\" decoding=\"async\" width=\"1024\" height=\"768\" data-id=\"392\" src=\"https:\/\/mas-despres.org\/wp-content\/uploads\/2024\/06\/WhatsApp-Image-2024-06-11-at-09.03.18-1024x768.jpeg\" alt=\"\" class=\"wp-image-392\" srcset=\"https:\/\/mas-despres.org\/wp-content\/uploads\/2024\/06\/WhatsApp-Image-2024-06-11-at-09.03.18-1024x768.jpeg 1024w, https:\/\/mas-despres.org\/wp-content\/uploads\/2024\/06\/WhatsApp-Image-2024-06-11-at-09.03.18-300x225.jpeg 300w, https:\/\/mas-despres.org\/wp-content\/uploads\/2024\/06\/WhatsApp-Image-2024-06-11-at-09.03.18-768x576.jpeg 768w, https:\/\/mas-despres.org\/wp-content\/uploads\/2024\/06\/WhatsApp-Image-2024-06-11-at-09.03.18-1536x1153.jpeg 1536w, https:\/\/mas-despres.org\/wp-content\/uploads\/2024\/06\/WhatsApp-Image-2024-06-11-at-09.03.18-892x669.jpeg 892w, https:\/\/mas-despres.org\/wp-content\/uploads\/2024\/06\/WhatsApp-Image-2024-06-11-at-09.03.18.jpeg 1599w\" sizes=\"auto, (max-width: 1024px) 100vw, 1024px\" \/><\/figure>\n<\/figure>\n\n\n\n<figure class=\"wp-block-gallery has-nested-images columns-default is-cropped wp-block-gallery-4 is-layout-flex wp-block-gallery-is-layout-flex\">\n<figure class=\"wp-block-image size-large\"><img loading=\"lazy\" decoding=\"async\" width=\"1024\" height=\"715\" data-id=\"338\" src=\"https:\/\/mas-despres.org\/wp-content\/uploads\/2024\/06\/Screenshot-2024-05-27-at-4.10.07\u202fPM-1024x715.png\" alt=\"\" class=\"wp-image-338\" srcset=\"https:\/\/mas-despres.org\/wp-content\/uploads\/2024\/06\/Screenshot-2024-05-27-at-4.10.07\u202fPM-1024x715.png 1024w, https:\/\/mas-despres.org\/wp-content\/uploads\/2024\/06\/Screenshot-2024-05-27-at-4.10.07\u202fPM-300x210.png 300w, https:\/\/mas-despres.org\/wp-content\/uploads\/2024\/06\/Screenshot-2024-05-27-at-4.10.07\u202fPM-768x536.png 768w, https:\/\/mas-despres.org\/wp-content\/uploads\/2024\/06\/Screenshot-2024-05-27-at-4.10.07\u202fPM-1536x1073.png 1536w, https:\/\/mas-despres.org\/wp-content\/uploads\/2024\/06\/Screenshot-2024-05-27-at-4.10.07\u202fPM-892x623.png 892w, https:\/\/mas-despres.org\/wp-content\/uploads\/2024\/06\/Screenshot-2024-05-27-at-4.10.07\u202fPM.png 1744w\" sizes=\"auto, (max-width: 1024px) 100vw, 1024px\" \/><\/figure>\n<\/figure>\n\n\n\n<figure class=\"wp-block-gallery has-nested-images columns-default is-cropped wp-block-gallery-5 is-layout-flex wp-block-gallery-is-layout-flex\">\n<figure class=\"wp-block-image size-large\"><img loading=\"lazy\" decoding=\"async\" width=\"768\" height=\"1024\" data-id=\"495\" src=\"https:\/\/mas-despres.org\/wp-content\/uploads\/2024\/06\/P1080450-768x1024.jpg\" alt=\"\" class=\"wp-image-495\" srcset=\"https:\/\/mas-despres.org\/wp-content\/uploads\/2024\/06\/P1080450-768x1024.jpg 768w, https:\/\/mas-despres.org\/wp-content\/uploads\/2024\/06\/P1080450-225x300.jpg 225w, https:\/\/mas-despres.org\/wp-content\/uploads\/2024\/06\/P1080450-1152x1536.jpg 1152w, https:\/\/mas-despres.org\/wp-content\/uploads\/2024\/06\/P1080450-1536x2048.jpg 1536w, https:\/\/mas-despres.org\/wp-content\/uploads\/2024\/06\/P1080450-892x1189.jpg 892w, https:\/\/mas-despres.org\/wp-content\/uploads\/2024\/06\/P1080450-scaled.jpg 1920w\" sizes=\"auto, (max-width: 768px) 100vw, 768px\" \/><\/figure>\n<\/figure>\n\n\n\n<figure class=\"wp-block-gallery has-nested-images columns-default is-cropped wp-block-gallery-6 is-layout-flex wp-block-gallery-is-layout-flex\">\n<figure class=\"wp-block-image size-large\"><img loading=\"lazy\" decoding=\"async\" width=\"1024\" height=\"725\" data-id=\"328\" src=\"https:\/\/mas-despres.org\/wp-content\/uploads\/2024\/06\/Screenshot-2024-05-27-at-1.04.38\u202fPM-1024x725.png\" alt=\"\" class=\"wp-image-328\" srcset=\"https:\/\/mas-despres.org\/wp-content\/uploads\/2024\/06\/Screenshot-2024-05-27-at-1.04.38\u202fPM-1024x725.png 1024w, https:\/\/mas-despres.org\/wp-content\/uploads\/2024\/06\/Screenshot-2024-05-27-at-1.04.38\u202fPM-300x212.png 300w, https:\/\/mas-despres.org\/wp-content\/uploads\/2024\/06\/Screenshot-2024-05-27-at-1.04.38\u202fPM-768x544.png 768w, https:\/\/mas-despres.org\/wp-content\/uploads\/2024\/06\/Screenshot-2024-05-27-at-1.04.38\u202fPM-1536x1088.png 1536w, https:\/\/mas-despres.org\/wp-content\/uploads\/2024\/06\/Screenshot-2024-05-27-at-1.04.38\u202fPM-892x632.png 892w, https:\/\/mas-despres.org\/wp-content\/uploads\/2024\/06\/Screenshot-2024-05-27-at-1.04.38\u202fPM.png 1768w\" sizes=\"auto, (max-width: 1024px) 100vw, 1024px\" \/><\/figure>\n<\/figure>\n","protected":false},"excerpt":{"rendered":"<p>un h\u00e9bergement confortabledans un \u00e9crin de verdurepour vous ressourcer en toute s\u00e9r\u00e9nit\u00e9. Tarifs En vous remerciant par avance, nous demandons d\u2019apporter drap-housse, drap et taie d\u2019oreiller,sur place nous vous fournissons oreillers et couvertures. Durant votre s\u00e9jour vous pourrez profiter de notre agr\u00e9able piscine ainsi que de l&#8217;espace &#8222;sport&#8220;. Pour vos d\u00e9placements des v\u00e9los sont mis [&hellip;]<\/p>\n","protected":false},"author":1,"featured_media":0,"parent":0,"menu_order":0,"comment_status":"closed","ping_status":"closed","template":"","meta":{"footnotes":""},"class_list":["post-24","page","type-page","status-publish","hentry"],"_links":{"self":[{"href":"https:\/\/mas-despres.org\/de\/wp-json\/wp\/v2\/pages\/24","targetHints":{"allow":["GET"]}}],"collection":[{"href":"https:\/\/mas-despres.org\/de\/wp-json\/wp\/v2\/pages"}],"about":[{"href":"https:\/\/mas-despres.org\/de\/wp-json\/wp\/v2\/types\/page"}],"author":[{"embeddable":true,"href":"https:\/\/mas-despres.org\/de\/wp-json\/wp\/v2\/users\/1"}],"replies":[{"embeddable":true,"href":"https:\/\/mas-despres.org\/de\/wp-json\/wp\/v2\/comments?post=24"}],"version-history":[{"count":26,"href":"https:\/\/mas-despres.org\/de\/wp-json\/wp\/v2\/pages\/24\/revisions"}],"predecessor-version":[{"id":505,"href":"https:\/\/mas-despres.org\/de\/wp-json\/wp\/v2\/pages\/24\/revisions\/505"}],"wp:attachment":[{"href":"https:\/\/mas-despres.org\/de\/wp-json\/wp\/v2\/media?parent=24"}],"curies":[{"name":"wp","href":"https:\/\/api.w.org\/{rel}","templated":true}]}}